{"id":2820,"date":"2025-06-12T17:25:46","date_gmt":"2025-06-12T17:25:46","guid":{"rendered":"https:\/\/themes.mikotech.vn\/theme\/FB\/demo1\/?page_id=2820"},"modified":"2025-06-13T17:41:03","modified_gmt":"2025-06-13T17:41:03","slug":"huyen-tram","status":"publish","type":"page","link":"https:\/\/themes.mikotech.vn\/theme\/FB\/demo1\/huyen-tram\/","title":{"rendered":"Huy\u1ec1n Tr\u00e2m"},"content":{"rendered":"\t\t<div data-elementor-type=\"wp-page\" data-elementor-id=\"2820\" class=\"elementor elementor-2820\">\n\t\t\t\t<div class=\"elementor-element elementor-element-6070379 e-flex e-con-boxed e-con e-parent\" data-id=\"6070379\" data-element_type=\"container\">\n\t\t\t\t\t<div class=\"e-con-inner\">\n\t\t<div class=\"elementor-element elementor-element-1f47a68 e-con-full e-flex e-con e-child\" data-id=\"1f47a68\" data-element_type=\"container\">\n\t\t\t\t<div class=\"elementor-element elementor-element-b1116fb elementor-widget elementor-widget-text-editor\" data-id=\"b1116fb\" data-element_type=\"widget\" data-widget_type=\"text-editor.default\">\n\t\t\t\t<div class=\"elementor-widget-container\">\n\t\t\t\t\t\t\t\t\t<p><strong>Hello,<\/strong>\u00a0my name is<\/p>\t\t\t\t\t\t\t\t<\/div>\n\t\t\t\t<\/div>\n\t\t\t\t<div class=\"elementor-element elementor-element-3c1f9dc elementor-widget elementor-widget-heading\" data-id=\"3c1f9dc\" data-element_type=\"widget\" data-widget_type=\"heading.default\">\n\t\t\t\t<div class=\"elementor-widget-container\">\n\t\t\t\t\t<h2 class=\"elementor-heading-title elementor-size-default\">HUYEN TRAM<\/h2>\t\t\t\t<\/div>\n\t\t\t\t<\/div>\n\t\t\t\t<div class=\"elementor-element elementor-element-0199f25 elementor-widget elementor-widget-text-editor\" data-id=\"0199f25\" data-element_type=\"widget\" data-widget_type=\"text-editor.default\">\n\t\t\t\t<div class=\"elementor-widget-container\">\n\t\t\t\t\t\t\t\t\t<p>I am <strong>Business Consultant<\/strong><\/p>\t\t\t\t\t\t\t\t<\/div>\n\t\t\t\t<\/div>\n\t\t\t\t<div class=\"elementor-element elementor-element-e5f9142 elementor-widget elementor-widget-text-editor\" data-id=\"e5f9142\" data-element_type=\"widget\" data-widget_type=\"text-editor.default\">\n\t\t\t\t<div class=\"elementor-widget-container\">\n\t\t\t\t\t\t\t\t\t<p>From Lam Dong, Viet Nam. I have experience in web design, also I am good at wordpress. I love to talk with you about our unique.<\/p>\t\t\t\t\t\t\t\t<\/div>\n\t\t\t\t<\/div>\n\t\t<div class=\"elementor-element elementor-element-e088ec5 e-grid e-con-full e-con e-child\" data-id=\"e088ec5\" data-element_type=\"container\">\n\t\t\t\t<div class=\"elementor-element elementor-element-fedaf7f elementor-widget__width-auto elementor-view-default elementor-widget elementor-widget-icon\" data-id=\"fedaf7f\" data-element_type=\"widget\" data-widget_type=\"icon.default\">\n\t\t\t\t<div class=\"elementor-widget-container\">\n\t\t\t\t\t\t\t<div class=\"elementor-icon-wrapper\">\n\t\t\t<a class=\"elementor-icon elementor-animation-grow\" href=\"https:\/\/x.com\/Bonghoa203\" target=\"_blank\" rel=\"nofollow\">\n\t\t\t<svg aria-hidden=\"true\" class=\"e-font-icon-svg e-fab-x-twitter\" viewBox=\"0 0 512 512\" xmlns=\"http:\/\/www.w3.org\/2000\/svg\"><path d=\"M389.2 48h70.6L305.6 224.2 487 464H345L233.7 318.6 106.5 464H35.8L200.7 275.5 26.8 48H172.4L272.9 180.9 389.2 48zM364.4 421.8h39.1L151.1 88h-42L364.4 421.8z\"><\/path><\/svg>\t\t\t<\/a>\n\t\t<\/div>\n\t\t\t\t\t\t<\/div>\n\t\t\t\t<\/div>\n\t\t\t\t<div class=\"elementor-element elementor-element-930bde1 elementor-widget__width-auto elementor-view-default elementor-widget elementor-widget-icon\" data-id=\"930bde1\" data-element_type=\"widget\" data-widget_type=\"icon.default\">\n\t\t\t\t<div class=\"elementor-widget-container\">\n\t\t\t\t\t\t\t<div class=\"elementor-icon-wrapper\">\n\t\t\t<a class=\"elementor-icon elementor-animation-grow\" href=\"https:\/\/www.facebook.com\/mikotechtuyendung\" target=\"_blank\" rel=\"nofollow\">\n\t\t\t<svg aria-hidden=\"true\" class=\"e-font-icon-svg e-fab-facebook-f\" viewBox=\"0 0 320 512\" xmlns=\"http:\/\/www.w3.org\/2000\/svg\"><path d=\"M279.14 288l14.22-92.66h-88.91v-60.13c0-25.35 12.42-50.06 52.24-50.06h40.42V6.26S260.43 0 225.36 0c-73.22 0-121.08 44.38-121.08 124.72v70.62H22.89V288h81.39v224h100.17V288z\"><\/path><\/svg>\t\t\t<\/a>\n\t\t<\/div>\n\t\t\t\t\t\t<\/div>\n\t\t\t\t<\/div>\n\t\t\t\t<div class=\"elementor-element elementor-element-eb1a702 elementor-view-default elementor-widget elementor-widget-icon\" data-id=\"eb1a702\" data-element_type=\"widget\" data-widget_type=\"icon.default\">\n\t\t\t\t<div class=\"elementor-widget-container\">\n\t\t\t\t\t\t\t<div class=\"elementor-icon-wrapper\">\n\t\t\t<div class=\"elementor-icon elementor-animation-grow\">\n\t\t\t<svg aria-hidden=\"true\" class=\"e-font-icon-svg e-fab-instagram\" viewBox=\"0 0 448 512\" xmlns=\"http:\/\/www.w3.org\/2000\/svg\"><path d=\"M224.1 141c-63.6 0-114.9 51.3-114.9 114.9s51.3 114.9 114.9 114.9S339 319.5 339 255.9 287.7 141 224.1 141zm0 189.6c-41.1 0-74.7-33.5-74.7-74.7s33.5-74.7 74.7-74.7 74.7 33.5 74.7 74.7-33.6 74.7-74.7 74.7zm146.4-194.3c0 14.9-12 26.8-26.8 26.8-14.9 0-26.8-12-26.8-26.8s12-26.8 26.8-26.8 26.8 12 26.8 26.8zm76.1 27.2c-1.7-35.9-9.9-67.7-36.2-93.9-26.2-26.2-58-34.4-93.9-36.2-37-2.1-147.9-2.1-184.9 0-35.8 1.7-67.6 9.9-93.9 36.1s-34.4 58-36.2 93.9c-2.1 37-2.1 147.9 0 184.9 1.7 35.9 9.9 67.7 36.2 93.9s58 34.4 93.9 36.2c37 2.1 147.9 2.1 184.9 0 35.9-1.7 67.7-9.9 93.9-36.2 26.2-26.2 34.4-58 36.2-93.9 2.1-37 2.1-147.8 0-184.8zM398.8 388c-7.8 19.6-22.9 34.7-42.6 42.6-29.5 11.7-99.5 9-132.1 9s-102.7 2.6-132.1-9c-19.6-7.8-34.7-22.9-42.6-42.6-11.7-29.5-9-99.5-9-132.1s-2.6-102.7 9-132.1c7.8-19.6 22.9-34.7 42.6-42.6 29.5-11.7 99.5-9 132.1-9s102.7-2.6 132.1 9c19.6 7.8 34.7 22.9 42.6 42.6 11.7 29.5 9 99.5 9 132.1s2.7 102.7-9 132.1z\"><\/path><\/svg>\t\t\t<\/div>\n\t\t<\/div>\n\t\t\t\t\t\t<\/div>\n\t\t\t\t<\/div>\n\t\t\t\t<\/div>\n\t\t\t\t<div class=\"elementor-element elementor-element-5048556 elementor-button-warning elementor-align-left elementor-widget elementor-widget-button\" data-id=\"5048556\" data-element_type=\"widget\" data-settings=\"{&quot;_animation&quot;:&quot;none&quot;}\" data-widget_type=\"button.default\">\n\t\t\t\t<div class=\"elementor-widget-container\">\n\t\t\t\t\t\t\t\t\t<div class=\"elementor-button-wrapper\">\n\t\t\t\t\t<a class=\"elementor-button elementor-button-link elementor-size-sm elementor-animation-grow\" href=\"https:\/\/www.facebook.com\/\" id=\"https:\/\/www.facebook.com\/\">\n\t\t\t\t\t\t<span class=\"elementor-button-content-wrapper\">\n\t\t\t\t\t\t\t\t\t<span class=\"elementor-button-text\">CHAT WITH ME<\/span>\n\t\t\t\t\t<\/span>\n\t\t\t\t\t<\/a>\n\t\t\t\t<\/div>\n\t\t\t\t\t\t\t\t<\/div>\n\t\t\t\t<\/div>\n\t\t\t\t<\/div>\n\t\t<div class=\"elementor-element elementor-element-c24fd17 e-con-full e-flex e-con e-child\" data-id=\"c24fd17\" data-element_type=\"container\">\n\t\t\t\t<div class=\"elementor-element elementor-element-686f730 elementor-widget elementor-widget-image\" data-id=\"686f730\" data-element_type=\"widget\" data-widget_type=\"image.default\">\n\t\t\t\t<div class=\"elementor-widget-container\">\n\t\t\t\t\t\t\t\t\t\t\t\t\t\t\t<img fetchpriority=\"high\" decoding=\"async\" width=\"539\" height=\"523\" src=\"https:\/\/themes.mikotech.vn\/theme\/FB\/demo1\/wp-content\/uploads\/2025\/06\/Frame-1.png\" class=\"attachment-full size-full wp-image-2839\" alt=\"\" srcset=\"https:\/\/themes.mikotech.vn\/theme\/FB\/demo1\/wp-content\/uploads\/2025\/06\/Frame-1.png 539w, https:\/\/themes.mikotech.vn\/theme\/FB\/demo1\/wp-content\/uploads\/2025\/06\/Frame-1-300x291.png 300w\" sizes=\"(max-width: 539px) 100vw, 539px\" \/>\t\t\t\t\t\t\t\t\t\t\t\t\t\t\t<\/div>\n\t\t\t\t<\/div>\n\t\t\t\t<\/div>\n\t\t\t\t\t<\/div>\n\t\t\t\t<\/div>\n\t\t<div class=\"elementor-element elementor-element-29c01de e-flex e-con-boxed e-con e-parent\" data-id=\"29c01de\" data-element_type=\"container\">\n\t\t\t\t\t<div class=\"e-con-inner\">\n\t\t\t\t<div class=\"elementor-element elementor-element-6d7d341 elementor-widget elementor-widget-heading\" data-id=\"6d7d341\" data-element_type=\"widget\" data-widget_type=\"heading.default\">\n\t\t\t\t<div class=\"elementor-widget-container\">\n\t\t\t\t\t<h1 class=\"elementor-heading-title elementor-size-default\">WHAT I DO<\/h1>\t\t\t\t<\/div>\n\t\t\t\t<\/div>\n\t\t\t\t\t<\/div>\n\t\t\t\t<\/div>\n\t\t<div class=\"elementor-element elementor-element-5155a3e e-grid e-con-full e-con e-parent\" data-id=\"5155a3e\" data-element_type=\"container\">\n\t\t\t\t<div class=\"elementor-element elementor-element-2760aa5 elementor-widget elementor-widget-heading\" data-id=\"2760aa5\" data-element_type=\"widget\" data-widget_type=\"heading.default\">\n\t\t\t\t<div class=\"elementor-widget-container\">\n\t\t\t\t\t<h2 class=\"elementor-heading-title elementor-size-default\">My<\/h2>\t\t\t\t<\/div>\n\t\t\t\t<\/div>\n\t\t\t\t<div class=\"elementor-element elementor-element-68aa1ce elementor-widget elementor-widget-heading\" data-id=\"68aa1ce\" data-element_type=\"widget\" data-widget_type=\"heading.default\">\n\t\t\t\t<div class=\"elementor-widget-container\">\n\t\t\t\t\t<h2 class=\"elementor-heading-title elementor-size-default\">Services<\/h2>\t\t\t\t<\/div>\n\t\t\t\t<\/div>\n\t\t\t\t<\/div>\n\t\t<div class=\"elementor-element elementor-element-9c065ab e-grid e-con-boxed e-con e-parent\" data-id=\"9c065ab\" data-element_type=\"container\">\n\t\t\t\t\t<div class=\"e-con-inner\">\n\t\t<div class=\"elementor-element elementor-element-045e29b e-con-full e-flex e-con e-child\" data-id=\"045e29b\" data-element_type=\"container\">\n\t\t\t\t<div class=\"elementor-element elementor-element-2af02f4 elementor-widget elementor-widget-image\" data-id=\"2af02f4\" data-element_type=\"widget\" data-widget_type=\"image.default\">\n\t\t\t\t<div class=\"elementor-widget-container\">\n\t\t\t\t\t\t\t\t\t\t\t\t\t\t\t<img decoding=\"async\" width=\"640\" height=\"426\" src=\"https:\/\/themes.mikotech.vn\/theme\/FB\/demo1\/wp-content\/uploads\/2025\/06\/11.png\" class=\"attachment-large size-large wp-image-2890\" alt=\"\" srcset=\"https:\/\/themes.mikotech.vn\/theme\/FB\/demo1\/wp-content\/uploads\/2025\/06\/11.png 1022w, https:\/\/themes.mikotech.vn\/theme\/FB\/demo1\/wp-content\/uploads\/2025\/06\/11-300x200.png 300w, https:\/\/themes.mikotech.vn\/theme\/FB\/demo1\/wp-content\/uploads\/2025\/06\/11-768x511.png 768w, https:\/\/themes.mikotech.vn\/theme\/FB\/demo1\/wp-content\/uploads\/2025\/06\/11-570x379.png 570w\" sizes=\"(max-width: 640px) 100vw, 640px\" \/>\t\t\t\t\t\t\t\t\t\t\t\t\t\t\t<\/div>\n\t\t\t\t<\/div>\n\t\t\t\t<div class=\"elementor-element elementor-element-563c0e0 elementor-widget elementor-widget-heading\" data-id=\"563c0e0\" data-element_type=\"widget\" data-widget_type=\"heading.default\">\n\t\t\t\t<div class=\"elementor-widget-container\">\n\t\t\t\t\t<h2 class=\"elementor-heading-title elementor-size-default\">Th\u00eam ti\u00eau \u0111\u1ec1 c\u1ee7a b\u1ea1n \u1edf \u0111\u00e2y<\/h2>\t\t\t\t<\/div>\n\t\t\t\t<\/div>\n\t\t\t\t<div class=\"elementor-element elementor-element-25b0771 elementor-widget elementor-widget-text-editor\" data-id=\"25b0771\" data-element_type=\"widget\" data-widget_type=\"text-editor.default\">\n\t\t\t\t<div class=\"elementor-widget-container\">\n\t\t\t\t\t\t\t\t\t<p>Th\u00eam m\u1ed9t \u0111o\u1ea1n v\u0103n b\u1ea3n \u1edf \u0111\u00e2y. Nh\u1ea5p v\u00e0o \u00f4 v\u0103n b\u1ea3n \u0111\u1ec3 t\u00f9y ch\u1ec9nh n\u1ed9i dung, phong c\u00e1ch ph\u00f4ng ch\u1eef v\u00e0 m\u00e0u s\u1eafc c\u1ee7a \u0111o\u1ea1n v\u0103n c\u1ee7a b\u1ea1n.<\/p>\t\t\t\t\t\t\t\t<\/div>\n\t\t\t\t<\/div>\n\t\t\t\t<\/div>\n\t\t<div class=\"elementor-element elementor-element-daff172 e-con-full e-flex e-con e-child\" data-id=\"daff172\" data-element_type=\"container\">\n\t\t\t\t<div class=\"elementor-element elementor-element-66b11e4 elementor-widget elementor-widget-image\" data-id=\"66b11e4\" data-element_type=\"widget\" data-widget_type=\"image.default\">\n\t\t\t\t<div class=\"elementor-widget-container\">\n\t\t\t\t\t\t\t\t\t\t\t\t\t\t\t<img decoding=\"async\" src=\"https:\/\/themes.mikotech.vn\/theme\/FB\/demo1\/wp-content\/uploads\/elementor\/thumbs\/2-rdt0pt8cj5db3q5whpunchnoog2z5chajfd2ajkog8.jpg\" title=\"2\" alt=\"2\" loading=\"lazy\" \/>\t\t\t\t\t\t\t\t\t\t\t\t\t\t\t<\/div>\n\t\t\t\t<\/div>\n\t\t\t\t<div class=\"elementor-element elementor-element-9cdf6f1 elementor-widget elementor-widget-heading\" data-id=\"9cdf6f1\" data-element_type=\"widget\" data-widget_type=\"heading.default\">\n\t\t\t\t<div class=\"elementor-widget-container\">\n\t\t\t\t\t<h2 class=\"elementor-heading-title elementor-size-default\">Th\u00eam ti\u00eau \u0111\u1ec1 c\u1ee7a b\u1ea1n \u1edf \u0111\u00e2y<\/h2>\t\t\t\t<\/div>\n\t\t\t\t<\/div>\n\t\t\t\t<div class=\"elementor-element elementor-element-689705c elementor-widget elementor-widget-text-editor\" data-id=\"689705c\" data-element_type=\"widget\" data-widget_type=\"text-editor.default\">\n\t\t\t\t<div class=\"elementor-widget-container\">\n\t\t\t\t\t\t\t\t\t<p>Th\u00eam m\u1ed9t \u0111o\u1ea1n v\u0103n b\u1ea3n \u1edf \u0111\u00e2y. Nh\u1ea5p v\u00e0o \u00f4 v\u0103n b\u1ea3n \u0111\u1ec3 t\u00f9y ch\u1ec9nh n\u1ed9i dung, phong c\u00e1ch ph\u00f4ng ch\u1eef v\u00e0 m\u00e0u s\u1eafc c\u1ee7a \u0111o\u1ea1n v\u0103n c\u1ee7a b\u1ea1n.<\/p>\t\t\t\t\t\t\t\t<\/div>\n\t\t\t\t<\/div>\n\t\t\t\t<\/div>\n\t\t<div class=\"elementor-element elementor-element-76eb5dc e-con-full e-flex e-con e-child\" data-id=\"76eb5dc\" data-element_type=\"container\">\n\t\t\t\t<div class=\"elementor-element elementor-element-2425e22 elementor-widget elementor-widget-image\" data-id=\"2425e22\" data-element_type=\"widget\" data-widget_type=\"image.default\">\n\t\t\t\t<div class=\"elementor-widget-container\">\n\t\t\t\t\t\t\t\t\t\t\t\t\t\t\t<img decoding=\"async\" src=\"https:\/\/themes.mikotech.vn\/theme\/FB\/demo1\/wp-content\/plugins\/elementor\/assets\/images\/placeholder.png\" title=\"\" alt=\"\" loading=\"lazy\" \/>\t\t\t\t\t\t\t\t\t\t\t\t\t\t\t<\/div>\n\t\t\t\t<\/div>\n\t\t\t\t<div class=\"elementor-element elementor-element-0efc9cd elementor-widget elementor-widget-heading\" data-id=\"0efc9cd\" data-element_type=\"widget\" data-widget_type=\"heading.default\">\n\t\t\t\t<div class=\"elementor-widget-container\">\n\t\t\t\t\t<h2 class=\"elementor-heading-title elementor-size-default\">Th\u00eam ti\u00eau \u0111\u1ec1 c\u1ee7a b\u1ea1n \u1edf \u0111\u00e2y<\/h2>\t\t\t\t<\/div>\n\t\t\t\t<\/div>\n\t\t\t\t<div class=\"elementor-element elementor-element-755aad4 elementor-widget elementor-widget-text-editor\" data-id=\"755aad4\" data-element_type=\"widget\" data-widget_type=\"text-editor.default\">\n\t\t\t\t<div class=\"elementor-widget-container\">\n\t\t\t\t\t\t\t\t\t<p>Th\u00eam m\u1ed9t \u0111o\u1ea1n v\u0103n b\u1ea3n \u1edf \u0111\u00e2y. Nh\u1ea5p v\u00e0o \u00f4 v\u0103n b\u1ea3n \u0111\u1ec3 t\u00f9y ch\u1ec9nh n\u1ed9i dung, phong c\u00e1ch ph\u00f4ng ch\u1eef v\u00e0 m\u00e0u s\u1eafc c\u1ee7a \u0111o\u1ea1n v\u0103n c\u1ee7a b\u1ea1n.<\/p>\t\t\t\t\t\t\t\t<\/div>\n\t\t\t\t<\/div>\n\t\t\t\t<\/div>\n\t\t\t\t\t<\/div>\n\t\t\t\t<\/div>\n\t\t\t\t<\/div>\n\t\t","protected":false},"excerpt":{"rendered":"<p>Hello,\u00a0my name is HUYEN TRAM I am Business Consultant From Lam Dong, Viet Nam. I have experience in web design, also I am good at wordpress. I love to talk with you about our unique. CHAT WITH ME WHAT I DO My Services Th\u00eam ti\u00eau \u0111\u1ec1 c\u1ee7a b\u1ea1n \u1edf \u0111\u00e2y Th\u00eam m\u1ed9t \u0111o\u1ea1n v\u0103n b\u1ea3n [&hellip;]<\/p>\n","protected":false},"author":1,"featured_media":0,"parent":0,"menu_order":0,"comment_status":"closed","ping_status":"closed","template":"elementor_header_footer","meta":{"footnotes":""},"class_list":["post-2820","page","type-page","status-publish","hentry"],"_links":{"self":[{"href":"https:\/\/themes.mikotech.vn\/theme\/FB\/demo1\/wp-json\/wp\/v2\/pages\/2820","targetHints":{"allow":["GET"]}}],"collection":[{"href":"https:\/\/themes.mikotech.vn\/theme\/FB\/demo1\/wp-json\/wp\/v2\/pages"}],"about":[{"href":"https:\/\/themes.mikotech.vn\/theme\/FB\/demo1\/wp-json\/wp\/v2\/types\/page"}],"author":[{"embeddable":true,"href":"https:\/\/themes.mikotech.vn\/theme\/FB\/demo1\/wp-json\/wp\/v2\/users\/1"}],"replies":[{"embeddable":true,"href":"https:\/\/themes.mikotech.vn\/theme\/FB\/demo1\/wp-json\/wp\/v2\/comments?post=2820"}],"version-history":[{"count":26,"href":"https:\/\/themes.mikotech.vn\/theme\/FB\/demo1\/wp-json\/wp\/v2\/pages\/2820\/revisions"}],"predecessor-version":[{"id":2900,"href":"https:\/\/themes.mikotech.vn\/theme\/FB\/demo1\/wp-json\/wp\/v2\/pages\/2820\/revisions\/2900"}],"wp:attachment":[{"href":"https:\/\/themes.mikotech.vn\/theme\/FB\/demo1\/wp-json\/wp\/v2\/media?parent=2820"}],"curies":[{"name":"wp","href":"https:\/\/api.w.org\/{rel}","templated":true}]}}