{"id":11,"date":"2025-10-24T07:10:21","date_gmt":"2025-10-24T07:10:21","guid":{"rendered":"https:\/\/themes.mikotech.vn\/theme\/giaoduc\/demo1\/?page_id=11"},"modified":"2025-10-24T07:10:21","modified_gmt":"2025-10-24T07:10:21","slug":"dashboard","status":"publish","type":"page","link":"https:\/\/themes.mikotech.vn\/theme\/giaoduc\/demo1\/dashboard\/","title":{"rendered":"Dashboard"},"content":{"rendered":"Vui l\u00f2ng <a data-login_url=\"\" href=\"#\" class=\"tutor-open-login-modal\">\u0110\u0103ng nh\u1eadp<\/a> \u0111\u1ec3 xem trang n\u00e0y","protected":false},"excerpt":{"rendered":"<p>Vui l\u00f2ng \u0110\u0103ng nh\u1eadp \u0111\u1ec3 xem trang n\u00e0y<\/p>\n","protected":false},"author":1,"featured_media":0,"parent":0,"menu_order":0,"comment_status":"closed","ping_status":"closed","template":"","meta":{"footnotes":""},"class_list":["post-11","page","type-page","status-publish","hentry"],"_links":{"self":[{"href":"https:\/\/themes.mikotech.vn\/theme\/giaoduc\/demo1\/wp-json\/wp\/v2\/pages\/11","targetHints":{"allow":["GET"]}}],"collection":[{"href":"https:\/\/themes.mikotech.vn\/theme\/giaoduc\/demo1\/wp-json\/wp\/v2\/pages"}],"about":[{"href":"https:\/\/themes.mikotech.vn\/theme\/giaoduc\/demo1\/wp-json\/wp\/v2\/types\/page"}],"author":[{"embeddable":true,"href":"https:\/\/themes.mikotech.vn\/theme\/giaoduc\/demo1\/wp-json\/wp\/v2\/users\/1"}],"replies":[{"embeddable":true,"href":"https:\/\/themes.mikotech.vn\/theme\/giaoduc\/demo1\/wp-json\/wp\/v2\/comments?post=11"}],"version-history":[{"count":0,"href":"https:\/\/themes.mikotech.vn\/theme\/giaoduc\/demo1\/wp-json\/wp\/v2\/pages\/11\/revisions"}],"wp:attachment":[{"href":"https:\/\/themes.mikotech.vn\/theme\/giaoduc\/demo1\/wp-json\/wp\/v2\/media?parent=11"}],"curies":[{"name":"wp","href":"https:\/\/api.w.org\/{rel}","templated":true}]}}